{"id":10550,"date":"2022-07-14T23:17:45","date_gmt":"2022-07-14T21:17:45","guid":{"rendered":"https:\/\/way.sk\/mapa\/"},"modified":"2023-03-06T12:12:24","modified_gmt":"2023-03-06T11:12:24","slug":"mapa","status":"publish","type":"page","link":"https:\/\/way.sk\/en\/mapa\/","title":{"rendered":"Sales points"},"content":{"rendered":"\t\t<div data-elementor-type=\"wp-page\" data-elementor-id=\"10550\" class=\"elementor elementor-10550\">\n\t\t\t\t\t\t\t\t\t<section class=\"wd-negative-gap elementor-section elementor-top-section elementor-element elementor-element-e36decb elementor-section-boxed elementor-section-height-default elementor-section-height-default wd-section-disabled\" data-id=\"e36decb\" data-element_type=\"section\">\n\t\t\t\t\t\t<div class=\"elementor-container elementor-column-gap-default\">\n\t\t\t\t\t<div class=\"elementor-column elementor-col-100 elementor-top-column elementor-element elementor-element-daf3e43\" data-id=\"daf3e43\" data-element_type=\"column\">\n\t\t\t<div class=\"elementor-widget-wrap elementor-element-populated\">\n\t\t\t\t\t\t\t\t<div class=\"elementor-element elementor-element-8453502 elementor-widget elementor-widget-wd_tabs\" data-id=\"8453502\" data-element_type=\"widget\" data-widget_type=\"wd_tabs.default\">\n\t\t\t\t<div class=\"elementor-widget-container\">\n\t\t\t\t\t<div class=\"wd-tabs tabs-design-default\">\n\t\t\t<div class=\"wd-tabs-header text-center\">\n\t\t\t\t\n\t\t\t\t\n\t\t\t\t<div class=\"wd-nav-wrapper wd-nav-tabs-wrapper\">\n\t\t\t\t\t<ul class=\"wd-nav wd-nav-tabs wd-icon-pos-left wd-style-default\">\n\t\t\t\t\t\t\t\t\t\t\t\t\t\n\t\t\t\t\t\t\t<li>\n\t\t\t\t\t\t\t\t<a href=\"#\" class=\"wd-nav-link\">\n\t\t\t\t\t\t\t\t\t\n\t\t\t\t\t\t\t\t\t<span class=\"nav-link-text wd-tabs-title\">\n\t\t\t\t\t\t\t\t\t\tEurope\t\t\t\t\t\t\t\t\t<\/span>\n\t\t\t\t\t\t\t\t<\/a>\n\t\t\t\t\t\t\t<\/li>\n\n\t\t\t\t\t\t\t\t\t\t\t<\/ul>\n\t\t\t\t<\/div>\n\t\t\t<\/div>\n\n\t\t\t<div class=\"wd-tab-content-wrapper\">\n\t\t\t\t\t\t\t\t\t\t\t\t\t\t\n\t\t\t\t\t\n\t\t\t\t\t<div class=\"wd-tab-content wd-active wd-in\">\n\t\t\t\t\t\t\t\t\t\t\t\t\t<div >\n\t\t\t\t\t\t\t\t<!-- Chart Action CSS -->\r\n<style type=\"text\/css\">\r\n\t#imap_1 {\n \n}<\/style>\r\n\r\n<!-- Chart Action HTML -->\r\n<div id=\"imap_1\">\n  <div class=\"interactive_map_finder\" id=\"interactive_map_1\" imap=\"1\"><\/div>\n<\/div>\n\n\t\t\t<link rel=\"stylesheet\" id=\"elementor-post-10691-css\" href=\"https:\/\/way.sk\/wp-content\/uploads\/elementor\/css\/post-10691.css?ver=1758613071\" type=\"text\/css\" media=\"all\">\n\t\t\t\t\t<div data-elementor-type=\"wp-post\" data-elementor-id=\"10691\" class=\"elementor elementor-10691\">\n\t\t\t\t\t\t\t\t\t<section class=\"wd-negative-gap elementor-section elementor-top-section elementor-element elementor-element-7fa0583 elementor-section-content-top elementor-section-boxed elementor-section-height-default elementor-section-height-default wd-section-disabled\" data-id=\"7fa0583\" data-element_type=\"section\">\n\t\t\t\t\t\t<div class=\"elementor-container elementor-column-gap-default\">\n\t\t\t\t\t<div class=\"elementor-column elementor-col-50 elementor-top-column elementor-element elementor-element-2e923df7\" data-id=\"2e923df7\" data-element_type=\"column\">\n\t\t\t<div class=\"elementor-widget-wrap elementor-element-populated\">\n\t\t\t\t\t\t\t\t<div class=\"elementor-element elementor-element-3711b38 elementor-widget elementor-widget-wd_accordion\" data-id=\"3711b38\" data-element_type=\"widget\" data-widget_type=\"wd_accordion.default\">\n\t\t\t\t<div class=\"elementor-widget-container\">\n\t\t\t\n\t\t<div class=\"wd-accordion wd-style-default\" data-state=\"all_closed\">\n\t\t\t\t\t\t\t\n\t\t\t\t<div class=\"wd-accordion-item\">\n\t\t\t\t\t<div class=\"wd-accordion-title text-left wd-opener-pos-left\" data-accordion-index=\"0\">\n\t\t\t\t\t\t<div class=\"wd-accordion-title-text\">\n\t\t\t\t\t\t\t\t\t\t\t\t\t\t<span>\n\t\t\t\t\t\t\t\tSlovakia:\t\t\t\t\t\t\t<\/span>\n\t\t\t\t\t\t<\/div>\n\t\t\t\t\t\t<span class=\"wd-accordion-opener wd-opener-style-arrow\"><\/span>\n\t\t\t\t\t<\/div>\n\n\t\t\t\t\t<div class=\"wd-accordion-content reset-last-child\" data-accordion-index=\"0\">\n\t\t\t\t\t\t\t\t\t\t\t\t\t\n\t\t\t\t\t\t\t<ol><li aria-level=\"1\"><strong>WAY INDUSTRIES, a.s.,<\/strong><br \/>Priemyseln\u00e1 937\/4 963 01 Krupina<br \/>Tel. kontakt - Slovensko, \u010cesko: +421 903 262 088, +421 903 532 006<br \/>Tel. kontakt - zahrani\u010die: +421 903 767 818<br \/>E-mail: locust@way.sk<\/li><li aria-level=\"1\"><b>DETVA Servis, s.r.o.<\/b>,<br \/>\u0160t\u00farova 3146, 962 12 Detva,<br \/>Tel.: +421 45 545 47 64,<br \/>E-mail: predaj@detvaservis.sk<\/li><li><b>CONTAINER SERVICES s.r.o.,<\/b><br \/>Dialni\u010dn\u00e1 cesta 7, 903 01 Senec,<br \/>Tel.: +421\u00a0911\u00a0703 643,<br \/>E-mail: stroje@containers.sk<\/li><li><b>OLIVEX s.r.o.,<\/b><br \/>Kuku\u010d\u00ednova 457\/32, 929 01 Dunajsk\u00e1 Streda,<br \/>Tel.: +421 903 497 594, +421 903 247 700<br \/>E-mail: olivex@olivex.sk<\/li><li><b>HONT-TECH s.r.o.,<\/b><br \/>Sv\u00e4totroji\u010dn\u00e9 n\u00e1mestie 10, 963 01 Krupina,<br \/>Tel.: +421 918 805 239, <br \/>E-mail: hont-tech@hont-tech.sk<\/li><\/ol>\n\t\t\t\t\t\t\t\t\t\t\t\t\t\t\t\t\t\t<\/div>\n\t\t\t\t<\/div>\n\t\t\t\t\t\t\t\n\t\t\t\t<div class=\"wd-accordion-item\">\n\t\t\t\t\t<div class=\"wd-accordion-title text-left wd-opener-pos-left\" data-accordion-index=\"1\">\n\t\t\t\t\t\t<div class=\"wd-accordion-title-text\">\n\t\t\t\t\t\t\t\t\t\t\t\t\t\t<span>\n\t\t\t\t\t\t\t\tCzech Republic:\t\t\t\t\t\t\t<\/span>\n\t\t\t\t\t\t<\/div>\n\t\t\t\t\t\t<span class=\"wd-accordion-opener wd-opener-style-arrow\"><\/span>\n\t\t\t\t\t<\/div>\n\n\t\t\t\t\t<div class=\"wd-accordion-content reset-last-child\" data-accordion-index=\"1\">\n\t\t\t\t\t\t\t\t\t\t\t\t\t\n\t\t\t\t\t\t\t<ol><li style=\"font-weight: 400;\" aria-level=\"1\"><b>KOH\u00daT A SPOL. s r.o.,<\/b><span style=\"font-weight: 400;\"> <br \/>Smilovice 3 , 294 42 Lu\u0161t\u011bnice, \u010cR,<br \/><\/span><span style=\"font-weight: 400;\">Tel.: +420 326 357 287, <br \/>Mobil: +420 777 340 988, <br \/>E-mail: <\/span><a href=\"mailto:radovan@kohut.cz\"><span style=\"font-weight: 400;\">radovan@kohut.cz<\/span><\/a><\/li><li><b>RA\u0160OVEC, s.r.o.<\/b><span style=\"font-weight: 400;\">, <br \/>Na Mokl\u00edn\u011b 339, 251 62 Muka\u0159ov, \u010cR,<\/span><span style=\"font-weight: 400;\"><br \/><\/span><span style=\"font-weight: 400;\">Tel.: +420 321 672 597 ,<br \/>Mobil: +420 602 662 971, <br \/>E-mail:\u00a0<\/span><a href=\"mailto:rasovec@rasovec.cz\"><span style=\"font-weight: 400;\">rasovec@rasovec.cz<\/span><\/a><\/li><li><b>CIME-bau, s.r.o.,<\/b> <br \/>t\u0159\u00edda Tom\u00e1\u0161e Bati 258, 763 02 Zl\u00edn- Louky, <br \/>Tel.: +420 608 416 098, <br \/>E-mail: <a href=\"mailto:plesa@cime-bau.cz\">plesa@cime-bau.cz<\/a><\/li><\/ol>\n\t\t\t\t\t\t\t\t\t\t\t\t\t\t\t\t\t\t<\/div>\n\t\t\t\t<\/div>\n\t\t\t\t\t\t\t\n\t\t\t\t<div class=\"wd-accordion-item\">\n\t\t\t\t\t<div class=\"wd-accordion-title text-left wd-opener-pos-left\" data-accordion-index=\"2\">\n\t\t\t\t\t\t<div class=\"wd-accordion-title-text\">\n\t\t\t\t\t\t\t\t\t\t\t\t\t\t<span>\n\t\t\t\t\t\t\t\tLithuania:\t\t\t\t\t\t\t<\/span>\n\t\t\t\t\t\t<\/div>\n\t\t\t\t\t\t<span class=\"wd-accordion-opener wd-opener-style-arrow\"><\/span>\n\t\t\t\t\t<\/div>\n\n\t\t\t\t\t<div class=\"wd-accordion-content reset-last-child\" data-accordion-index=\"2\">\n\t\t\t\t\t\t\t\t\t\t\t\t\t\n\t\t\t\t\t\t\t<ol><li><b>STAMAS, UAB<\/b><span style=\"font-weight: 400;\">,<br \/><\/span>Meistr\u0173 g. 9 (Naujininkai), 02189 Vilnius,<br \/>Tel:. (8 5) 2135431,<br \/>E-mail: <a href=\"mailto:stamas@centras.lt\"><span>stamas@centras.lt<\/span><\/a><\/li><\/ol>\n\t\t\t\t\t\t\t\t\t\t\t\t\t\t\t\t\t\t<\/div>\n\t\t\t\t<\/div>\n\t\t\t\t\t\t\t\n\t\t\t\t<div class=\"wd-accordion-item\">\n\t\t\t\t\t<div class=\"wd-accordion-title text-left wd-opener-pos-left\" data-accordion-index=\"3\">\n\t\t\t\t\t\t<div class=\"wd-accordion-title-text\">\n\t\t\t\t\t\t\t\t\t\t\t\t\t\t<span>\n\t\t\t\t\t\t\t\tLatvia:\t\t\t\t\t\t\t<\/span>\n\t\t\t\t\t\t<\/div>\n\t\t\t\t\t\t<span class=\"wd-accordion-opener wd-opener-style-arrow\"><\/span>\n\t\t\t\t\t<\/div>\n\n\t\t\t\t\t<div class=\"wd-accordion-content reset-last-child\" data-accordion-index=\"3\">\n\t\t\t\t\t\t\t\t\t\t\t\t\t\n\t\t\t\t\t\t\t<ol><li><b>SIA DINLATS,<\/b> <span style=\"font-weight: 400;\"><br \/><\/span><span style=\"font-weight: 400;\">Ventspils iela 48 , 1002 Riga,<\/span><span style=\"font-weight: 400;\"><br \/><\/span><span style=\"font-weight: 400;\">Tel. : (+371) 67807220, <\/span><span style=\"font-weight: 400;\"><br \/><\/span><span style=\"font-weight: 400;\">E-mail: <\/span><a href=\"mailto:dinlats@dinlats.lv\"><span style=\"font-weight: 400;\">dinlats@dinlats.lv<\/span><\/a><\/li><\/ol>\n\t\t\t\t\t\t\t\t\t\t\t\t\t\t\t\t\t\t<\/div>\n\t\t\t\t<\/div>\n\t\t\t\t\t\t\t\n\t\t\t\t<div class=\"wd-accordion-item\">\n\t\t\t\t\t<div class=\"wd-accordion-title text-left wd-opener-pos-left\" data-accordion-index=\"4\">\n\t\t\t\t\t\t<div class=\"wd-accordion-title-text\">\n\t\t\t\t\t\t\t\t\t\t\t\t\t\t<span>\n\t\t\t\t\t\t\t\tBelgium\t\t\t\t\t\t\t<\/span>\n\t\t\t\t\t\t<\/div>\n\t\t\t\t\t\t<span class=\"wd-accordion-opener wd-opener-style-arrow\"><\/span>\n\t\t\t\t\t<\/div>\n\n\t\t\t\t\t<div class=\"wd-accordion-content reset-last-child\" data-accordion-index=\"4\">\n\t\t\t\t\t\t\t\t\t\t\t\t\t\n\t\t\t\t\t\t\t<ol><li><strong>Van Peteghem ETS, ETS -Machinery<br \/><\/strong>Square Fabelta 5, 1480 Tubize, Belgium,<br \/>Exclusive for BENELUX<br \/>Tel:\u00a0<a href=\"tel:+32492615161\">+32 (0)492 61 51 61<\/a>,<br \/>E-mail:\u00a0<a href=\"mailto:info@locustbenelux.com\">info@locustbenelux.com<\/a><br \/>WEB:\u00a0<a href=\"https:\/\/locustbenelux.com\/\">https:\/\/locustbenelux.com\/<\/a><\/li><\/ol>\n\t\t\t\t\t\t\t\t\t\t\t\t\t\t\t\t\t\t<\/div>\n\t\t\t\t<\/div>\n\t\t\t\t\t<\/div>\n\t\t\t\t<\/div>\n\t\t\t\t<\/div>\n\t\t\t\t\t<\/div>\n\t\t<\/div>\n\t\t\t\t<div class=\"elementor-column elementor-col-50 elementor-top-column elementor-element elementor-element-78fd86a6\" data-id=\"78fd86a6\" data-element_type=\"column\">\n\t\t\t<div class=\"elementor-widget-wrap elementor-element-populated\">\n\t\t\t\t\t\t\t\t<div class=\"elementor-element elementor-element-36ad030 elementor-widget elementor-widget-wd_accordion\" data-id=\"36ad030\" data-element_type=\"widget\" data-widget_type=\"wd_accordion.default\">\n\t\t\t\t<div class=\"elementor-widget-container\">\n\t\t\t\n\t\t<div class=\"wd-accordion wd-style-default\" data-state=\"all_closed\">\n\t\t\t\t\t\t\t\n\t\t\t\t<div class=\"wd-accordion-item\">\n\t\t\t\t\t<div class=\"wd-accordion-title text-left wd-opener-pos-left\" data-accordion-index=\"0\">\n\t\t\t\t\t\t<div class=\"wd-accordion-title-text\">\n\t\t\t\t\t\t\t\t\t\t\t\t\t\t<span>\n\t\t\t\t\t\t\t\tUkraine:\t\t\t\t\t\t\t<\/span>\n\t\t\t\t\t\t<\/div>\n\t\t\t\t\t\t<span class=\"wd-accordion-opener wd-opener-style-arrow\"><\/span>\n\t\t\t\t\t<\/div>\n\n\t\t\t\t\t<div class=\"wd-accordion-content reset-last-child\" data-accordion-index=\"0\">\n\t\t\t\t\t\t\t\t\t\t\t\t\t\n\t\t\t\t\t\t\t<ol><li style=\"margin-bottom: var(--li-mb); font-size: 14px;\"><span style=\"font-weight: 600; font-size: 14px;\">LOGISTIC MACHINERY LLC<\/span><span style=\"font-weight: 400; font-size: 14px;\">,<\/span><span style=\"font-weight: 400; font-size: 14px;\"><br><\/span><span style=\"font-weight: 400; font-size: 14px;\">Metallurgov street 17, Brovary, 07400 Kiev region,<\/span><span style=\"font-weight: 400; font-size: 14px;\"><br><\/span><span style=\"font-weight: 400; font-size: 14px;\">Tel: +38 067 230 30 39,<\/span><span style=\"font-weight: 400; font-size: 14px;\"><br><\/span><span style=\"font-weight: 400; font-size: 14px;\">E-mail:&nbsp;<\/span><a href=\"mailto:logistic.machinery1@gmail.com\" style=\"font-size: 14px;\">logistic.machinery1@gmail.co<\/a><span style=\"font-weight: 400; font-size: 14px;\">m<\/span><\/li><li style=\"margin-bottom: 0px; font-size: 14px;\"><span style=\"font-weight: 600; font-size: 14px;\">ASSOL<\/span><br>Ukrajina, Z\u00e1poro\u017esk\u00e1 oblas\u0165, Vasylivka, Boulevard Central, 43, 71603<br>Tel.: +38 095 232 49 99<br>E-mail: ext@assol.com.ua<\/li><\/ol>\n\t\t\t\t\t\t\t\t\t\t\t\t\t\t\t\t\t\t<\/div>\n\t\t\t\t<\/div>\n\t\t\t\t\t\t\t\n\t\t\t\t<div class=\"wd-accordion-item\">\n\t\t\t\t\t<div class=\"wd-accordion-title text-left wd-opener-pos-left\" data-accordion-index=\"1\">\n\t\t\t\t\t\t<div class=\"wd-accordion-title-text\">\n\t\t\t\t\t\t\t\t\t\t\t\t\t\t<span>\n\t\t\t\t\t\t\t\tHungary:\t\t\t\t\t\t\t<\/span>\n\t\t\t\t\t\t<\/div>\n\t\t\t\t\t\t<span class=\"wd-accordion-opener wd-opener-style-arrow\"><\/span>\n\t\t\t\t\t<\/div>\n\n\t\t\t\t\t<div class=\"wd-accordion-content reset-last-child\" data-accordion-index=\"1\">\n\t\t\t\t\t\t\t\t\t\t\t\t\t\n\t\t\t\t\t\t\t<ol><li style=\"margin-bottom: var(--li-mb); font-size: 14px;\"><span style=\"font-weight: 600; font-size: 14px;\">DORKER KFT<\/span><span style=\"font-weight: 400; font-size: 14px;\">.<br>6500 Baja, Szegedi \u00fat 102.,<\/span><span style=\"font-weight: 400; font-size: 14px;\"><br><\/span><span style=\"font-weight: 400; font-size: 14px;\">Tel: + 36-79 \/ 523-010,<\/span><span style=\"font-weight: 400; font-size: 14px;\"><br><\/span><span style=\"font-weight: 400; font-size: 14px;\">E-mail:&nbsp;<\/span><a href=\"mailto:dorker@dorker.hu\" style=\"font-size: 14px;\">dorker@dorker.hu<\/a><\/li><li style=\"font-size: 14px;\"><span style=\"font-weight: 600; font-size: 14px;\">CHC Road Service Kft.<br><\/span>Budapest, Th\u00f6k\u00f6ly \u00fat 2, 1076 Ma\u010farsko,<br>Tel.: +36 70 699 4541,<br>E-mail:&nbsp;<a href=\"mailto:szanto.endre@chcroad.hu\" style=\"font-size: 14px;\">szanto.endre@chcroad.hu<\/a><\/li><\/ol>\n\t\t\t\t\t\t\t\t\t\t\t\t\t\t\t\t\t\t<\/div>\n\t\t\t\t<\/div>\n\t\t\t\t\t\t\t\n\t\t\t\t<div class=\"wd-accordion-item\">\n\t\t\t\t\t<div class=\"wd-accordion-title text-left wd-opener-pos-left\" data-accordion-index=\"2\">\n\t\t\t\t\t\t<div class=\"wd-accordion-title-text\">\n\t\t\t\t\t\t\t\t\t\t\t\t\t\t<span>\n\t\t\t\t\t\t\t\tSerbia:\t\t\t\t\t\t\t<\/span>\n\t\t\t\t\t\t<\/div>\n\t\t\t\t\t\t<span class=\"wd-accordion-opener wd-opener-style-arrow\"><\/span>\n\t\t\t\t\t<\/div>\n\n\t\t\t\t\t<div class=\"wd-accordion-content reset-last-child\" data-accordion-index=\"2\">\n\t\t\t\t\t\t\t\t\t\t\t\t\t\n\t\t\t\t\t\t\t<ol><li><b>AGRICONS T.E.C. d.o.o.,<\/b><span style=\"font-weight: 400;\">\u00a0 <\/span><span style=\"font-weight: 400;\"><br \/><\/span><span style=\"font-weight: 400;\">Dobracina 62, 11 000 Beograd,<\/span><span style=\"font-weight: 400;\"><br \/><\/span><span style=\"font-weight: 400;\">Tel.:+381 11 2635 096 ,<\/span><span style=\"font-weight: 400;\"><br \/><\/span><span style=\"font-weight: 400;\">Email: <\/span><a href=\"mailto:info@agriconstec.com\"><span style=\"font-weight: 400;\">info@agriconstec.com<\/span><\/a><\/li><\/ol>\n\t\t\t\t\t\t\t\t\t\t\t\t\t\t\t\t\t\t<\/div>\n\t\t\t\t<\/div>\n\t\t\t\t\t\t\t\n\t\t\t\t<div class=\"wd-accordion-item\">\n\t\t\t\t\t<div class=\"wd-accordion-title text-left wd-opener-pos-left\" data-accordion-index=\"3\">\n\t\t\t\t\t\t<div class=\"wd-accordion-title-text\">\n\t\t\t\t\t\t\t\t\t\t\t\t\t\t<span>\n\t\t\t\t\t\t\t\tRomania:\t\t\t\t\t\t\t<\/span>\n\t\t\t\t\t\t<\/div>\n\t\t\t\t\t\t<span class=\"wd-accordion-opener wd-opener-style-arrow\"><\/span>\n\t\t\t\t\t<\/div>\n\n\t\t\t\t\t<div class=\"wd-accordion-content reset-last-child\" data-accordion-index=\"3\">\n\t\t\t\t\t\t\t\t\t\t\t\t\t\n\t\t\t\t\t\t\t<ol><li style=\"margin-bottom: var(--li-mb); font-size: 14px;\"><span style=\"font-weight: 600; font-size: 14px;\">STAR WEST,<\/span><span style=\"font-weight: 400; font-size: 14px;\"><br><\/span><span style=\"font-weight: 400; font-size: 14px;\">Sos Borsului 2A, Oradea, Jud. Bihor,<\/span><span style=\"font-weight: 400; font-size: 14px;\"><br><\/span><span style=\"font-weight: 400; font-size: 14px;\">Tel: 0259-425-224,<\/span><span style=\"font-weight: 400; font-size: 14px;\"><br><\/span><span style=\"font-weight: 400; font-size: 14px;\">E-mail: info@starwest.ro<\/span><\/li><li style=\"font-size: 14px;\"><span style=\"font-weight: 600; font-size: 14px;\">RET UTILAJE<br><\/span>Sos. Oltenitei (DN 4), nr. 221, Popesti-Leordeni, judet Ilfov,<br>Tel: 021-361-5101,<br>E-mail:&nbsp;<a href=\"mailto:office@retutilaje.ro\" style=\"font-size: 14px;\">office@retutilaje.ro<\/a><\/li><\/ol>\n\t\t\t\t\t\t\t\t\t\t\t\t\t\t\t\t\t\t<\/div>\n\t\t\t\t<\/div>\n\t\t\t\t\t\t\t\n\t\t\t\t<div class=\"wd-accordion-item\">\n\t\t\t\t\t<div class=\"wd-accordion-title text-left wd-opener-pos-left\" data-accordion-index=\"4\">\n\t\t\t\t\t\t<div class=\"wd-accordion-title-text\">\n\t\t\t\t\t\t\t\t\t\t\t\t\t\t<span>\n\t\t\t\t\t\t\t\tCroatia\t\t\t\t\t\t\t<\/span>\n\t\t\t\t\t\t<\/div>\n\t\t\t\t\t\t<span class=\"wd-accordion-opener wd-opener-style-arrow\"><\/span>\n\t\t\t\t\t<\/div>\n\n\t\t\t\t\t<div class=\"wd-accordion-content reset-last-child\" data-accordion-index=\"4\">\n\t\t\t\t\t\t\t\t\t\t\t\t\t\n\t\t\t\t\t\t\t<ol><li><strong>VISINA d.o.o.<br \/><\/strong>10 437 Bestovje, Savska cesta 1a,<br \/>Tel.: +385 1 33 35 675,<br \/>E-mail:\u00a0<a href=\"mailto:info@visina.hr\">info@visina.hr<\/a><\/li><\/ol>\n\t\t\t\t\t\t\t\t\t\t\t\t\t\t\t\t\t\t<\/div>\n\t\t\t\t<\/div>\n\t\t\t\t\t<\/div>\n\t\t\t\t<\/div>\n\t\t\t\t<\/div>\n\t\t\t\t\t<\/div>\n\t\t<\/div>\n\t\t\t\t\t\t\t<\/div>\n\t\t<\/section>\n\t\t\t\t\t\t\t<\/div>\n\t\t\t\t\t\t\t\t\t<\/div>\n\t\t\t\t\t\t\t\t\t\t\t<\/div>\n\n\t\t\t\t\t\t\t<\/div>\n\t\t<\/div>\n\t\t\t\t<\/div>\n\t\t\t\t<\/div>\n\t\t\t\t\t<\/div>\n\t\t<\/div>\n\t\t\t\t\t\t\t<\/div>\n\t\t<\/section>\n\t\t\t\t\t\t\t<\/div>\n\t\t","protected":false},"excerpt":{"rendered":"<p>Europe Slovakia: DETVA Servis, s.r.o.,\u0160t\u00farova 3146, 962 12 Detva,Tel.: +421 45 545 47 64, E-mail: predaj@detvaservis.sk CONTAINER SERVICES s.r.o., Dialni\u010dn\u00e1<\/p>\n","protected":false},"author":1,"featured_media":0,"parent":0,"menu_order":0,"comment_status":"closed","ping_status":"closed","template":"","meta":{"footnotes":""},"class_list":["post-10550","page","type-page","status-publish","hentry"],"yoast_head":"<!-- This site is optimized with the Yoast SEO plugin v20.3 - https:\/\/yoast.com\/wordpress\/plugins\/seo\/ -->\n<title>Sales points - Way Industries<\/title>\n<meta name=\"robots\" content=\"index, follow, max-snippet:-1, max-image-preview:large, max-video-preview:-1\" \/>\n<link rel=\"canonical\" href=\"https:\/\/way.sk\/en\/mapa\/\" \/>\n<meta property=\"og:locale\" content=\"en_US\" \/>\n<meta property=\"og:type\" content=\"article\" \/>\n<meta property=\"og:title\" content=\"Sales points - Way Industries\" \/>\n<meta property=\"og:description\" content=\"Europe Slovakia: DETVA Servis, s.r.o.,\u0160t\u00farova 3146, 962 12 Detva,Tel.: +421 45 545 47 64, E-mail: predaj@detvaservis.sk CONTAINER SERVICES s.r.o., Dialni\u010dn\u00e1\" \/>\n<meta property=\"og:url\" content=\"https:\/\/way.sk\/en\/mapa\/\" \/>\n<meta property=\"og:site_name\" content=\"Way Industries\" \/>\n<meta property=\"article:modified_time\" content=\"2023-03-06T11:12:24+00:00\" \/>\n<meta name=\"twitter:card\" content=\"summary_large_image\" \/>\n<meta name=\"twitter:label1\" content=\"Est. reading time\" \/>\n\t<meta name=\"twitter:data1\" content=\"3 minutes\" \/>\n<script type=\"application\/ld+json\" class=\"yoast-schema-graph\">{\"@context\":\"https:\/\/schema.org\",\"@graph\":[{\"@type\":\"WebPage\",\"@id\":\"https:\/\/way.sk\/en\/mapa\/\",\"url\":\"https:\/\/way.sk\/en\/mapa\/\",\"name\":\"Sales points - Way Industries\",\"isPartOf\":{\"@id\":\"https:\/\/way.sk\/#website\"},\"datePublished\":\"2022-07-14T21:17:45+00:00\",\"dateModified\":\"2023-03-06T11:12:24+00:00\",\"breadcrumb\":{\"@id\":\"https:\/\/way.sk\/en\/mapa\/#breadcrumb\"},\"inLanguage\":\"en-US\",\"potentialAction\":[{\"@type\":\"ReadAction\",\"target\":[\"https:\/\/way.sk\/en\/mapa\/\"]}]},{\"@type\":\"BreadcrumbList\",\"@id\":\"https:\/\/way.sk\/en\/mapa\/#breadcrumb\",\"itemListElement\":[{\"@type\":\"ListItem\",\"position\":1,\"name\":\"Domovsk\u00e1 str\u00e1nka\",\"item\":\"https:\/\/way.sk\/en\/\"},{\"@type\":\"ListItem\",\"position\":2,\"name\":\"Sales points\"}]},{\"@type\":\"WebSite\",\"@id\":\"https:\/\/way.sk\/#website\",\"url\":\"https:\/\/way.sk\/\",\"name\":\"Way Industries\",\"description\":\"50 YEARS OF EXPERIENCE AND QUALITY\",\"potentialAction\":[{\"@type\":\"SearchAction\",\"target\":{\"@type\":\"EntryPoint\",\"urlTemplate\":\"https:\/\/way.sk\/?s={search_term_string}\"},\"query-input\":\"required name=search_term_string\"}],\"inLanguage\":\"en-US\"}]}<\/script>\n<!-- \/ Yoast SEO plugin. -->","yoast_head_json":{"title":"Sales points - Way Industries","robots":{"index":"index","follow":"follow","max-snippet":"max-snippet:-1","max-image-preview":"max-image-preview:large","max-video-preview":"max-video-preview:-1"},"canonical":"https:\/\/way.sk\/en\/mapa\/","og_locale":"en_US","og_type":"article","og_title":"Sales points - Way Industries","og_description":"Europe Slovakia: DETVA Servis, s.r.o.,\u0160t\u00farova 3146, 962 12 Detva,Tel.: +421 45 545 47 64, E-mail: predaj@detvaservis.sk CONTAINER SERVICES s.r.o., Dialni\u010dn\u00e1","og_url":"https:\/\/way.sk\/en\/mapa\/","og_site_name":"Way Industries","article_modified_time":"2023-03-06T11:12:24+00:00","twitter_card":"summary_large_image","twitter_misc":{"Est. reading time":"3 minutes"},"schema":{"@context":"https:\/\/schema.org","@graph":[{"@type":"WebPage","@id":"https:\/\/way.sk\/en\/mapa\/","url":"https:\/\/way.sk\/en\/mapa\/","name":"Sales points - Way Industries","isPartOf":{"@id":"https:\/\/way.sk\/#website"},"datePublished":"2022-07-14T21:17:45+00:00","dateModified":"2023-03-06T11:12:24+00:00","breadcrumb":{"@id":"https:\/\/way.sk\/en\/mapa\/#breadcrumb"},"inLanguage":"en-US","potentialAction":[{"@type":"ReadAction","target":["https:\/\/way.sk\/en\/mapa\/"]}]},{"@type":"BreadcrumbList","@id":"https:\/\/way.sk\/en\/mapa\/#breadcrumb","itemListElement":[{"@type":"ListItem","position":1,"name":"Domovsk\u00e1 str\u00e1nka","item":"https:\/\/way.sk\/en\/"},{"@type":"ListItem","position":2,"name":"Sales points"}]},{"@type":"WebSite","@id":"https:\/\/way.sk\/#website","url":"https:\/\/way.sk\/","name":"Way Industries","description":"50 YEARS OF EXPERIENCE AND QUALITY","potentialAction":[{"@type":"SearchAction","target":{"@type":"EntryPoint","urlTemplate":"https:\/\/way.sk\/?s={search_term_string}"},"query-input":"required name=search_term_string"}],"inLanguage":"en-US"}]}},"_links":{"self":[{"href":"https:\/\/way.sk\/en\/wp-json\/wp\/v2\/pages\/10550","targetHints":{"allow":["GET"]}}],"collection":[{"href":"https:\/\/way.sk\/en\/wp-json\/wp\/v2\/pages"}],"about":[{"href":"https:\/\/way.sk\/en\/wp-json\/wp\/v2\/types\/page"}],"author":[{"embeddable":true,"href":"https:\/\/way.sk\/en\/wp-json\/wp\/v2\/users\/1"}],"replies":[{"embeddable":true,"href":"https:\/\/way.sk\/en\/wp-json\/wp\/v2\/comments?post=10550"}],"version-history":[{"count":9,"href":"https:\/\/way.sk\/en\/wp-json\/wp\/v2\/pages\/10550\/revisions"}],"predecessor-version":[{"id":11324,"href":"https:\/\/way.sk\/en\/wp-json\/wp\/v2\/pages\/10550\/revisions\/11324"}],"wp:attachment":[{"href":"https:\/\/way.sk\/en\/wp-json\/wp\/v2\/media?parent=10550"}],"curies":[{"name":"wp","href":"https:\/\/api.w.org\/{rel}","templated":true}]}}