{"id":10554,"date":"2022-06-30T17:42:12","date_gmt":"2022-06-30T15:42:12","guid":{"rendered":"https:\/\/way.sk\/nakladace-locust\/"},"modified":"2022-10-19T23:50:09","modified_gmt":"2022-10-19T21:50:09","slug":"nakladace-locust","status":"publish","type":"page","link":"https:\/\/way.sk\/en\/nakladace-locust\/","title":{"rendered":"LOCUST Loaders"},"content":{"rendered":"\t\t<div data-elementor-type=\"wp-page\" data-elementor-id=\"10554\" class=\"elementor elementor-10554\">\n\t\t\t\t\t\t\t\t\t<section class=\"wd-negative-gap elementor-section elementor-top-section elementor-element elementor-element-23859b13 elementor-section-content-middle elementor-section-boxed elementor-section-height-default elementor-section-height-default wd-section-disabled\" data-id=\"23859b13\" data-element_type=\"section\">\n\t\t\t\t\t\t<div class=\"elementor-container elementor-column-gap-default\">\n\t\t\t\t\t<div class=\"elementor-column elementor-col-50 elementor-top-column elementor-element elementor-element-61f865b7\" data-id=\"61f865b7\" data-element_type=\"column\">\n\t\t\t<div class=\"elementor-widget-wrap elementor-element-populated\">\n\t\t\t\t\t\t\t\t<div class=\"elementor-element elementor-element-72fd393d elementor-widget elementor-widget-wd_image_or_svg\" data-id=\"72fd393d\" data-element_type=\"widget\" data-widget_type=\"wd_image_or_svg.default\">\n\t\t\t\t<div class=\"elementor-widget-container\">\n\t\t\t\n\t\t<div class=\"wd-image text-center\">\n\t\t\t\t\t\t\t\t<img decoding=\"async\" width=\"702\" height=\"558\" src=\"https:\/\/way.sk\/wp-content\/uploads\/2022\/06\/Locust-904.png\" class=\"attachment-full size-full\" alt=\"\" srcset=\"https:\/\/way.sk\/wp-content\/uploads\/2022\/06\/Locust-904.png 702w, https:\/\/way.sk\/wp-content\/uploads\/2022\/06\/Locust-904-377x300.png 377w, https:\/\/way.sk\/wp-content\/uploads\/2022\/06\/Locust-904-430x342.png 430w, https:\/\/way.sk\/wp-content\/uploads\/2022\/06\/Locust-904-700x556.png 700w, https:\/\/way.sk\/wp-content\/uploads\/2022\/06\/Locust-904-150x119.png 150w\" sizes=\"(max-width: 702px) 100vw, 702px\" \/>\t\t\t\t\t<\/div>\n\n\t\t\t\t<\/div>\n\t\t\t\t<\/div>\n\t\t\t\t\t<\/div>\n\t\t<\/div>\n\t\t\t\t<div class=\"elementor-column elementor-col-50 elementor-top-column elementor-element elementor-element-6a0ef6e1\" data-id=\"6a0ef6e1\" data-element_type=\"column\">\n\t\t\t<div class=\"elementor-widget-wrap elementor-element-populated\">\n\t\t\t\t\t\t\t\t<div class=\"elementor-element elementor-element-6b340ee2 elementor-widget elementor-widget-wd_title\" data-id=\"6b340ee2\" data-element_type=\"widget\" data-widget_type=\"wd_title.default\">\n\t\t\t\t<div class=\"elementor-widget-container\">\n\t\t\t\t\t<div class=\"title-wrapper set-mb-s reset-last-child wd-title-color-default wd-title-style-default wd-title-size-extra-large text-left\">\n\n\t\t\t\n\t\t\t<div class=\"liner-continer\">\n\t\t\t\t<h4 class=\"woodmart-title-container title wd-fontsize-xxxl\">LOCUST<\/h4> \n\t\t\t\t\t\t\t<\/div>\n\n\t\t\t\t\t<\/div>\n\t\t\t\t<\/div>\n\t\t\t\t<\/div>\n\t\t\t\t<div class=\"elementor-element elementor-element-8d47475 elementor-widget elementor-widget-wd_text_block\" data-id=\"8d47475\" data-element_type=\"widget\" data-widget_type=\"wd_text_block.default\">\n\t\t\t\t<div class=\"elementor-widget-container\">\n\t\t\t\t\t<div class=\"wd-text-block reset-last-child text-left\">\n\t\t\t\n\t\t\t<div class=\"wpb_text_column wpb_content_element vc_custom_1534502558484\"><div class=\"wpb_wrapper\"><div class=\"wpb_text_column wpb_content_element vc_custom_1534500159813\"><div class=\"wpb_wrapper\"><p><strong>\u0160mykom riaden\u00fd naklada\u010d LOCUST nepredstavuje na trhu \u017eiadnu nezn\u00e1mu. Jeho mlad\u0161\u00ed brat naklada\u010d UNC 060 bol prv\u00fdm \u0161mykom riaden\u00fdm naklada\u010dom, ktor\u00fd sa vyr\u00e1ba u\u017e od roku 1981. V\u010faka jeho vlastnostiam a kvalite sa r\u00fdchlo dostal medzi ob\u013e\u00faben\u00e9 stroje na trhoch kraj\u00edn po celom svete.<\/strong><\/p><p><strong>\u00a0<\/strong>Naklada\u010d je navrhnut\u00fd pre pozemn\u00e9 pr\u00e1ce s mo\u017enos\u0165ou vyu\u017eitia r\u00f4znych druhov pr\u00eddavn\u00fdch zariaden\u00ed. Osobit\u00fdm parametrom tohto naklada\u010da je v\u00fdsuvn\u00fd v\u00fdlo\u017en\u00edk, ktor\u00fd sa vyu\u017e\u00edva na pred\u013a\u017eenie vys\u00fdpacej v\u00fd\u0161ky a dosahu stroja. Po naklonen\u00ed kab\u00edny dozadu z\u00edskate zo v\u0161etk\u00fdch str\u00e1n jednoduch\u00fd pr\u00edstup k v\u0161etk\u00fdm zariadeniam stroja. Kab\u00edna zodpoved\u00e1 v\u0161etk\u00fdm bezpe\u010dnostn\u00fdm po\u017eiadavk\u00e1m ROPS a\u00a0FOPS. Prvky zamedzuj\u00face hluku, vibr\u00e1ci\u00e1m ako aj ovl\u00e1dacie prvky s\u00fa ergonomicky usporiadan\u00e9, \u010d\u00edm sa zaru\u010duje v\u00e4\u010d\u0161ie pohodlie pri pou\u017e\u00edvan\u00ed. Tento naklada\u010d vyu\u017e\u00edva hydrostatick\u00fd pohon s motormi YANMAR alebo PERKINS. Hydraulick\u00e9 agreg\u00e1ty vyr\u00e1ba spolo\u010dnos\u0165 Bosh-REXROTH GROUP, ktor\u00e1 je z\u00e1rukou vysokej spo\u013eahlivosti a odolnosti.<\/p><\/div><\/div><div class=\"wpb_text_column wpb_content_element vc_custom_1535622885289\"><div class=\"wpb_wrapper\"><p>\u00a0Vlastnosti:<\/p><\/div><\/div><div class=\"vc_row wpb_row vc_inner vc_row-fluid vc_custom_1485525262482\"><div class=\"wpb_column vc_column_container vc_col-sm-6\"><div class=\"vc_column-inner\"><div class=\"wpb_wrapper\"><div class=\"wpb_text_column wpb_content_element \"><div class=\"wpb_wrapper\"><ul><li>jednoduch\u00e1 diagnostika<\/li><li>jednoduch\u00e1 \u00fadr\u017eba<\/li><li>\u017eivotn\u00e1 odolnos\u0165<\/li><li>bezkonkuren\u010dn\u00fd v\u00fdh\u013ead z kab\u00edny<\/li><li>ve\u013ek\u00e1 efekt\u00edvnos\u0165 pr\u00e1ce<\/li><li>prevodovka s ozuben\u00fdmi prevodmi<\/li><\/ul><\/div><\/div><\/div><\/div><\/div><div class=\"wpb_column vc_column_container vc_col-sm-6\"><div class=\"vc_column-inner\"><div class=\"wpb_wrapper\"><div class=\"wpb_text_column wpb_content_element \"><div class=\"wpb_wrapper\">\u00a0<\/div><\/div><\/div><\/div><\/div><\/div><\/div><\/div>\n\t\t\t\t\t<\/div>\n\t\t\t\t<\/div>\n\t\t\t\t<\/div>\n\t\t\t\t\t<\/div>\n\t\t<\/div>\n\t\t\t\t\t\t\t<\/div>\n\t\t<\/section>\n\t\t\t\t<section class=\"wd-negative-gap elementor-section elementor-top-section elementor-element elementor-element-f7dbac8 elementor-section-boxed elementor-section-height-default elementor-section-height-default wd-section-disabled\" data-id=\"f7dbac8\" data-element_type=\"section\">\n\t\t\t\t\t\t<div class=\"elementor-container elementor-column-gap-default\">\n\t\t\t\t\t<div class=\"elementor-column elementor-col-100 elementor-top-column elementor-element elementor-element-29c91eb\" data-id=\"29c91eb\" data-element_type=\"column\">\n\t\t\t<div class=\"elementor-widget-wrap elementor-element-populated\">\n\t\t\t\t\t\t\t\t<div class=\"elementor-element elementor-element-71b0d99 elementor-widget elementor-widget-wd_title\" data-id=\"71b0d99\" data-element_type=\"widget\" data-widget_type=\"wd_title.default\">\n\t\t\t\t<div class=\"elementor-widget-container\">\n\t\t\t\t\t<div class=\"title-wrapper set-mb-s reset-last-child wd-title-color-default wd-title-style-default wd-title-size-extra-large text-center\">\n\n\t\t\t\n\t\t\t<div class=\"liner-continer\">\n\t\t\t\t<h4 class=\"woodmart-title-container title wd-fontsize-xxxl wd-underline-colored\">CEL\u00c1 <u>PONUKA<\/u><\/h4> \n\t\t\t\t\t\t\t<\/div>\n\n\t\t\t\t\t<\/div>\n\t\t\t\t<\/div>\n\t\t\t\t<\/div>\n\t\t\t\t\t<\/div>\n\t\t<\/div>\n\t\t\t\t\t\t\t<\/div>\n\t\t<\/section>\n\t\t\t\t<section class=\"wd-negative-gap elementor-section elementor-top-section elementor-element elementor-element-c426b35 elementor-section-boxed elementor-section-height-default elementor-section-height-default wd-section-disabled\" data-id=\"c426b35\" data-element_type=\"section\">\n\t\t\t\t\t\t<div class=\"elementor-container elementor-column-gap-default\">\n\t\t\t\t\t<div class=\"elementor-column elementor-col-20 elementor-top-column elementor-element elementor-element-3d3c72c\" data-id=\"3d3c72c\" data-element_type=\"column\">\n\t\t\t<div class=\"elementor-widget-wrap elementor-element-populated\">\n\t\t\t\t\t\t\t\t<div class=\"elementor-element elementor-element-b5aed75 elementor-widget elementor-widget-image\" data-id=\"b5aed75\" data-element_type=\"widget\" data-widget_type=\"image.default\">\n\t\t\t\t<div class=\"elementor-widget-container\">\n\t\t\t<style>\/*! elementor - v3.8.0 - 30-10-2022 *\/\n.elementor-widget-image{text-align:center}.elementor-widget-image a{display:inline-block}.elementor-widget-image a img[src$=\".svg\"]{width:48px}.elementor-widget-image img{vertical-align:middle;display:inline-block}<\/style>\t\t\t\t\t\t\t\t\t\t\t\t<img decoding=\"async\" width=\"702\" height=\"558\" src=\"https:\/\/way.sk\/wp-content\/uploads\/2022\/06\/Locust-904.png\" class=\"attachment-large size-large\" alt=\"\" srcset=\"https:\/\/way.sk\/wp-content\/uploads\/2022\/06\/Locust-904.png 702w, https:\/\/way.sk\/wp-content\/uploads\/2022\/06\/Locust-904-377x300.png 377w, https:\/\/way.sk\/wp-content\/uploads\/2022\/06\/Locust-904-430x342.png 430w, https:\/\/way.sk\/wp-content\/uploads\/2022\/06\/Locust-904-700x556.png 700w, https:\/\/way.sk\/wp-content\/uploads\/2022\/06\/Locust-904-150x119.png 150w\" sizes=\"(max-width: 702px) 100vw, 702px\" \/>\t\t\t\t\t\t\t\t\t\t\t\t\t\t\t<\/div>\n\t\t\t\t<\/div>\n\t\t\t\t<div class=\"elementor-element elementor-element-d6e49aa elementor-widget elementor-widget-wd_text_block\" data-id=\"d6e49aa\" data-element_type=\"widget\" data-widget_type=\"wd_text_block.default\">\n\t\t\t\t<div class=\"elementor-widget-container\">\n\t\t\t\t\t<div class=\"wd-text-block reset-last-child text-left\">\n\t\t\t\n\t\t\t<h3 style=\"text-align: center;\">Locust 904<\/h3><ul><li>Bod pre\u0165a\u017eenia: 1 800 kg<\/li><li>Maxim\u00e1lna r\u00fdchlos\u0165: 15 km\/h<\/li><li>Verzia SPEED: 9,5 \u2013 19 km\/h<\/li><li>Menovit\u00fd v\u00fdkon: 45 kW<\/li><\/ul>\n\t\t\t\t\t<\/div>\n\t\t\t\t<\/div>\n\t\t\t\t<\/div>\n\t\t\t\t<div class=\"elementor-element elementor-element-714286f elementor-widget elementor-widget-wd_button\" data-id=\"714286f\" data-element_type=\"widget\" data-widget_type=\"wd_button.default\">\n\t\t\t\t<div class=\"elementor-widget-container\">\n\t\t\t\t\t<div class=\"wd-button-wrapper text-center\" >\n\t\t\t<a class=\"btn btn-style-default btn-style-rectangle btn-size-default btn-color-primary btn-icon-pos-right\"  href=\"#\">\n\t\t\t\t<span class=\"wd-btn-text\" data-elementor-setting-key=\"text\">\n\t\t\t\t\tZobrazi\u0165\t\t\t\t<\/span>\n\n\t\t\t\t\t\t\t<\/a>\n\t\t<\/div>\n\t\t\t\t<\/div>\n\t\t\t\t<\/div>\n\t\t\t\t\t<\/div>\n\t\t<\/div>\n\t\t\t\t<div class=\"elementor-column elementor-col-20 elementor-top-column elementor-element elementor-element-c999246\" data-id=\"c999246\" data-element_type=\"column\">\n\t\t\t<div class=\"elementor-widget-wrap elementor-element-populated\">\n\t\t\t\t\t\t\t\t<div class=\"elementor-element elementor-element-ec1e59c elementor-widget elementor-widget-image\" data-id=\"ec1e59c\" data-element_type=\"widget\" data-widget_type=\"image.default\">\n\t\t\t\t<div class=\"elementor-widget-container\">\n\t\t\t\t\t\t\t\t\t\t\t\t\t\t\t<img decoding=\"async\" width=\"702\" height=\"558\" src=\"https:\/\/way.sk\/wp-content\/uploads\/2022\/06\/orezy-locust-\u2013-kopia-05.png\" class=\"attachment-large size-large\" alt=\"\" srcset=\"https:\/\/way.sk\/wp-content\/uploads\/2022\/06\/orezy-locust-\u2013-kopia-05.png 702w, https:\/\/way.sk\/wp-content\/uploads\/2022\/06\/orezy-locust-\u2013-kopia-05-377x300.png 377w, https:\/\/way.sk\/wp-content\/uploads\/2022\/06\/orezy-locust-\u2013-kopia-05-430x342.png 430w, https:\/\/way.sk\/wp-content\/uploads\/2022\/06\/orezy-locust-\u2013-kopia-05-700x556.png 700w, https:\/\/way.sk\/wp-content\/uploads\/2022\/06\/orezy-locust-\u2013-kopia-05-150x119.png 150w\" sizes=\"(max-width: 702px) 100vw, 702px\" \/>\t\t\t\t\t\t\t\t\t\t\t\t\t\t\t<\/div>\n\t\t\t\t<\/div>\n\t\t\t\t<div class=\"elementor-element elementor-element-b1cb50d elementor-widget elementor-widget-wd_text_block\" data-id=\"b1cb50d\" data-element_type=\"widget\" data-widget_type=\"wd_text_block.default\">\n\t\t\t\t<div class=\"elementor-widget-container\">\n\t\t\t\t\t<div class=\"wd-text-block reset-last-child text-left\">\n\t\t\t\n\t\t\t<h3 style=\"text-align: center;\">Locust 903<\/h3><ul><li>Bod pre\u0165a\u017eenia: 1 800 kg<\/li><li>Maxim\u00e1lna r\u00fdchlos\u0165: 15 km\/h<br \/>SPEED: 9 \u2013 19 km\/h<\/li><li>Menovit\u00fd v\u00fdkon: 55 kW<\/li><\/ul>\n\t\t\t\t\t<\/div>\n\t\t\t\t<\/div>\n\t\t\t\t<\/div>\n\t\t\t\t<div class=\"elementor-element elementor-element-9ebc4b3 elementor-widget elementor-widget-wd_button\" data-id=\"9ebc4b3\" data-element_type=\"widget\" data-widget_type=\"wd_button.default\">\n\t\t\t\t<div class=\"elementor-widget-container\">\n\t\t\t\t\t<div class=\"wd-button-wrapper text-center\" >\n\t\t\t<a class=\"btn btn-style-default btn-style-rectangle btn-size-default btn-color-primary btn-icon-pos-right\"  href=\"#\">\n\t\t\t\t<span class=\"wd-btn-text\" data-elementor-setting-key=\"text\">\n\t\t\t\t\tZobrazi\u0165\t\t\t\t<\/span>\n\n\t\t\t\t\t\t\t<\/a>\n\t\t<\/div>\n\t\t\t\t<\/div>\n\t\t\t\t<\/div>\n\t\t\t\t\t<\/div>\n\t\t<\/div>\n\t\t\t\t<div class=\"elementor-column elementor-col-20 elementor-top-column elementor-element elementor-element-a64a4ca\" data-id=\"a64a4ca\" data-element_type=\"column\">\n\t\t\t<div class=\"elementor-widget-wrap elementor-element-populated\">\n\t\t\t\t\t\t\t\t<div class=\"elementor-element elementor-element-7b2a39d elementor-widget elementor-widget-image\" data-id=\"7b2a39d\" data-element_type=\"widget\" data-widget_type=\"image.default\">\n\t\t\t\t<div class=\"elementor-widget-container\">\n\t\t\t\t\t\t\t\t\t\t\t\t\t\t\t<img decoding=\"async\" width=\"702\" height=\"558\" src=\"https:\/\/way.sk\/wp-content\/uploads\/2022\/06\/Loccust-903.png\" class=\"attachment-large size-large\" alt=\"\" srcset=\"https:\/\/way.sk\/wp-content\/uploads\/2022\/06\/Loccust-903.png 702w, https:\/\/way.sk\/wp-content\/uploads\/2022\/06\/Loccust-903-377x300.png 377w, https:\/\/way.sk\/wp-content\/uploads\/2022\/06\/Loccust-903-430x342.png 430w, https:\/\/way.sk\/wp-content\/uploads\/2022\/06\/Loccust-903-700x556.png 700w, https:\/\/way.sk\/wp-content\/uploads\/2022\/06\/Loccust-903-150x119.png 150w\" sizes=\"(max-width: 702px) 100vw, 702px\" \/>\t\t\t\t\t\t\t\t\t\t\t\t\t\t\t<\/div>\n\t\t\t\t<\/div>\n\t\t\t\t<div class=\"elementor-element elementor-element-a47ea9a elementor-widget elementor-widget-wd_text_block\" data-id=\"a47ea9a\" data-element_type=\"widget\" data-widget_type=\"wd_text_block.default\">\n\t\t\t\t<div class=\"elementor-widget-container\">\n\t\t\t\t\t<div class=\"wd-text-block reset-last-child text-left\">\n\t\t\t\n\t\t\t<div class=\"vc_custom_heading vc_custom_1532521006717 text_align_left\"><h3 style=\"text-align: center;\">Locust 753<\/h3><\/div><ul><li>Bod pre\u0165a\u017eenia: 1 500 kg<\/li><li>Maxim\u00e1lna r\u00fdchlos\u0165: 14 km\/h<\/li><li>Verzia SPEED+: 8 \u2013 17 km\/h<\/li><li>V\u00fdkon motora: 36 kW<\/li><\/ul>\n\t\t\t\t\t<\/div>\n\t\t\t\t<\/div>\n\t\t\t\t<\/div>\n\t\t\t\t<div class=\"elementor-element elementor-element-5b08634 elementor-widget elementor-widget-wd_button\" data-id=\"5b08634\" data-element_type=\"widget\" data-widget_type=\"wd_button.default\">\n\t\t\t\t<div class=\"elementor-widget-container\">\n\t\t\t\t\t<div class=\"wd-button-wrapper text-center\" >\n\t\t\t<a class=\"btn btn-style-default btn-style-rectangle btn-size-default btn-color-primary btn-icon-pos-right\"  href=\"#\">\n\t\t\t\t<span class=\"wd-btn-text\" data-elementor-setting-key=\"text\">\n\t\t\t\t\tZobrazi\u0165\t\t\t\t<\/span>\n\n\t\t\t\t\t\t\t<\/a>\n\t\t<\/div>\n\t\t\t\t<\/div>\n\t\t\t\t<\/div>\n\t\t\t\t\t<\/div>\n\t\t<\/div>\n\t\t\t\t<div class=\"elementor-column elementor-col-20 elementor-top-column elementor-element elementor-element-331faeb\" data-id=\"331faeb\" data-element_type=\"column\">\n\t\t\t<div class=\"elementor-widget-wrap elementor-element-populated\">\n\t\t\t\t\t\t\t\t<div class=\"elementor-element elementor-element-5719067 elementor-widget elementor-widget-image\" data-id=\"5719067\" data-element_type=\"widget\" data-widget_type=\"image.default\">\n\t\t\t\t<div class=\"elementor-widget-container\">\n\t\t\t\t\t\t\t\t\t\t\t\t\t\t\t<img decoding=\"async\" width=\"702\" height=\"558\" src=\"https:\/\/way.sk\/wp-content\/uploads\/2022\/06\/Locust-1203-speed.png\" class=\"attachment-large size-large\" alt=\"\" srcset=\"https:\/\/way.sk\/wp-content\/uploads\/2022\/06\/Locust-1203-speed.png 702w, https:\/\/way.sk\/wp-content\/uploads\/2022\/06\/Locust-1203-speed-377x300.png 377w, https:\/\/way.sk\/wp-content\/uploads\/2022\/06\/Locust-1203-speed-430x342.png 430w, https:\/\/way.sk\/wp-content\/uploads\/2022\/06\/Locust-1203-speed-700x556.png 700w, https:\/\/way.sk\/wp-content\/uploads\/2022\/06\/Locust-1203-speed-150x119.png 150w\" sizes=\"(max-width: 702px) 100vw, 702px\" \/>\t\t\t\t\t\t\t\t\t\t\t\t\t\t\t<\/div>\n\t\t\t\t<\/div>\n\t\t\t\t<div class=\"elementor-element elementor-element-72ee753 elementor-widget elementor-widget-wd_text_block\" data-id=\"72ee753\" data-element_type=\"widget\" data-widget_type=\"wd_text_block.default\">\n\t\t\t\t<div class=\"elementor-widget-container\">\n\t\t\t\t\t<div class=\"wd-text-block reset-last-child text-left\">\n\t\t\t\n\t\t\t<h3 style=\"text-align: center;\">Locust 1203<\/h3><ul><li>Bod pre\u0165a\u017eenia: 2 400 kg<\/li><li>Maxim\u00e1lna r\u00fdchlos\u0165: 12 km\/h<br \/>SPEED: 9 \u2013 19 km\/h<\/li><li>V\u00fdkon motora: 55kW<\/li><\/ul>\n\t\t\t\t\t<\/div>\n\t\t\t\t<\/div>\n\t\t\t\t<\/div>\n\t\t\t\t<div class=\"elementor-element elementor-element-0369213 elementor-widget elementor-widget-wd_button\" data-id=\"0369213\" data-element_type=\"widget\" data-widget_type=\"wd_button.default\">\n\t\t\t\t<div class=\"elementor-widget-container\">\n\t\t\t\t\t<div class=\"wd-button-wrapper text-center\" >\n\t\t\t<a class=\"btn btn-style-default btn-style-rectangle btn-size-default btn-color-primary btn-icon-pos-right\"  href=\"#\">\n\t\t\t\t<span class=\"wd-btn-text\" data-elementor-setting-key=\"text\">\n\t\t\t\t\tZobrazi\u0165\t\t\t\t<\/span>\n\n\t\t\t\t\t\t\t<\/a>\n\t\t<\/div>\n\t\t\t\t<\/div>\n\t\t\t\t<\/div>\n\t\t\t\t\t<\/div>\n\t\t<\/div>\n\t\t\t\t<div class=\"elementor-column elementor-col-20 elementor-top-column elementor-element elementor-element-858de22\" data-id=\"858de22\" data-element_type=\"column\">\n\t\t\t<div class=\"elementor-widget-wrap elementor-element-populated\">\n\t\t\t\t\t\t\t\t<div class=\"elementor-element elementor-element-4b143b5 elementor-widget elementor-widget-image\" data-id=\"4b143b5\" data-element_type=\"widget\" data-widget_type=\"image.default\">\n\t\t\t\t<div class=\"elementor-widget-container\">\n\t\t\t\t\t\t\t\t\t\t\t\t\t\t\t<img decoding=\"async\" width=\"702\" height=\"558\" src=\"https:\/\/way.sk\/wp-content\/uploads\/2022\/06\/Locust-1203.png\" class=\"attachment-large size-large\" alt=\"\" srcset=\"https:\/\/way.sk\/wp-content\/uploads\/2022\/06\/Locust-1203.png 702w, https:\/\/way.sk\/wp-content\/uploads\/2022\/06\/Locust-1203-377x300.png 377w, https:\/\/way.sk\/wp-content\/uploads\/2022\/06\/Locust-1203-430x342.png 430w, https:\/\/way.sk\/wp-content\/uploads\/2022\/06\/Locust-1203-700x556.png 700w, https:\/\/way.sk\/wp-content\/uploads\/2022\/06\/Locust-1203-150x119.png 150w\" sizes=\"(max-width: 702px) 100vw, 702px\" \/>\t\t\t\t\t\t\t\t\t\t\t\t\t\t\t<\/div>\n\t\t\t\t<\/div>\n\t\t\t\t<div class=\"elementor-element elementor-element-b97ccc8 elementor-widget elementor-widget-wd_text_block\" data-id=\"b97ccc8\" data-element_type=\"widget\" data-widget_type=\"wd_text_block.default\">\n\t\t\t\t<div class=\"elementor-widget-container\">\n\t\t\t\t\t<div class=\"wd-text-block reset-last-child text-left\">\n\t\t\t\n\t\t\t<h3 style=\"text-align: center;\">Locust 1203<br \/>Telspeed<\/h3><ul><li>Bod pre\u0165a\u017eenia: 1 200 \u2013 2 400 kg<\/li><li>Maxim\u00e1lna r\u00fdchlos\u0165: 9 \u2013 19 km\/h<\/li><li>V\u00fdkon motora: 55 kW<\/li><\/ul>\n\t\t\t\t\t<\/div>\n\t\t\t\t<\/div>\n\t\t\t\t<\/div>\n\t\t\t\t<div class=\"elementor-element elementor-element-979aad0 elementor-widget elementor-widget-wd_button\" data-id=\"979aad0\" data-element_type=\"widget\" data-widget_type=\"wd_button.default\">\n\t\t\t\t<div class=\"elementor-widget-container\">\n\t\t\t\t\t<div class=\"wd-button-wrapper text-center\" >\n\t\t\t<a class=\"btn btn-style-default btn-style-rectangle btn-size-default btn-color-primary btn-icon-pos-right\"  href=\"#\">\n\t\t\t\t<span class=\"wd-btn-text\" data-elementor-setting-key=\"text\">\n\t\t\t\t\tZobrazi\u0165\t\t\t\t<\/span>\n\n\t\t\t\t\t\t\t<\/a>\n\t\t<\/div>\n\t\t\t\t<\/div>\n\t\t\t\t<\/div>\n\t\t\t\t\t<\/div>\n\t\t<\/div>\n\t\t\t\t\t\t\t<\/div>\n\t\t<\/section>\n\t\t\t\t\t\t\t<\/div>\n\t\t","protected":false},"excerpt":{"rendered":"<p>LOCUST &nbsp; \u0160mykom riaden\u00fd naklada\u010d LOCUST nepredstavuje na trhu \u017eiadnu nezn\u00e1mu. Jeho mlad\u0161\u00ed brat naklada\u010d UNC 060 bol prv\u00fdm \u0161mykom<\/p>\n","protected":false},"author":1,"featured_media":0,"parent":0,"menu_order":0,"comment_status":"closed","ping_status":"closed","template":"","meta":{"footnotes":""},"class_list":["post-10554","page","type-page","status-publish","hentry"],"yoast_head":"<!-- This site is optimized with the Yoast SEO plugin v20.3 - https:\/\/yoast.com\/wordpress\/plugins\/seo\/ -->\n<title>LOCUST Loaders - Way Industries<\/title>\n<meta name=\"robots\" content=\"index, follow, max-snippet:-1, max-image-preview:large, max-video-preview:-1\" \/>\n<link rel=\"canonical\" href=\"https:\/\/way.sk\/en\/nakladace-locust\/\" \/>\n<meta property=\"og:locale\" content=\"en_US\" \/>\n<meta property=\"og:type\" content=\"article\" \/>\n<meta property=\"og:title\" content=\"LOCUST Loaders - Way Industries\" \/>\n<meta property=\"og:description\" content=\"LOCUST &nbsp; \u0160mykom riaden\u00fd naklada\u010d LOCUST nepredstavuje na trhu \u017eiadnu nezn\u00e1mu. Jeho mlad\u0161\u00ed brat naklada\u010d UNC 060 bol prv\u00fdm \u0161mykom\" \/>\n<meta property=\"og:url\" content=\"https:\/\/way.sk\/en\/nakladace-locust\/\" \/>\n<meta property=\"og:site_name\" content=\"Way Industries\" \/>\n<meta property=\"article:modified_time\" content=\"2022-10-19T21:50:09+00:00\" \/>\n<meta property=\"og:image\" content=\"https:\/\/way.sk\/wp-content\/uploads\/2022\/06\/Locust-904.png\" \/>\n<meta name=\"twitter:card\" content=\"summary_large_image\" \/>\n<meta name=\"twitter:label1\" content=\"Est. reading time\" \/>\n\t<meta name=\"twitter:data1\" content=\"2 minutes\" \/>\n<script type=\"application\/ld+json\" class=\"yoast-schema-graph\">{\"@context\":\"https:\/\/schema.org\",\"@graph\":[{\"@type\":\"WebPage\",\"@id\":\"https:\/\/way.sk\/en\/nakladace-locust\/\",\"url\":\"https:\/\/way.sk\/en\/nakladace-locust\/\",\"name\":\"LOCUST Loaders - Way Industries\",\"isPartOf\":{\"@id\":\"https:\/\/way.sk\/#website\"},\"datePublished\":\"2022-06-30T15:42:12+00:00\",\"dateModified\":\"2022-10-19T21:50:09+00:00\",\"breadcrumb\":{\"@id\":\"https:\/\/way.sk\/en\/nakladace-locust\/#breadcrumb\"},\"inLanguage\":\"en-US\",\"potentialAction\":[{\"@type\":\"ReadAction\",\"target\":[\"https:\/\/way.sk\/en\/nakladace-locust\/\"]}]},{\"@type\":\"BreadcrumbList\",\"@id\":\"https:\/\/way.sk\/en\/nakladace-locust\/#breadcrumb\",\"itemListElement\":[{\"@type\":\"ListItem\",\"position\":1,\"name\":\"Domovsk\u00e1 str\u00e1nka\",\"item\":\"https:\/\/way.sk\/en\/\"},{\"@type\":\"ListItem\",\"position\":2,\"name\":\"LOCUST Loaders\"}]},{\"@type\":\"WebSite\",\"@id\":\"https:\/\/way.sk\/#website\",\"url\":\"https:\/\/way.sk\/\",\"name\":\"Way Industries\",\"description\":\"50 YEARS OF EXPERIENCE AND QUALITY\",\"potentialAction\":[{\"@type\":\"SearchAction\",\"target\":{\"@type\":\"EntryPoint\",\"urlTemplate\":\"https:\/\/way.sk\/?s={search_term_string}\"},\"query-input\":\"required name=search_term_string\"}],\"inLanguage\":\"en-US\"}]}<\/script>\n<!-- \/ Yoast SEO plugin. -->","yoast_head_json":{"title":"LOCUST Loaders - Way Industries","robots":{"index":"index","follow":"follow","max-snippet":"max-snippet:-1","max-image-preview":"max-image-preview:large","max-video-preview":"max-video-preview:-1"},"canonical":"https:\/\/way.sk\/en\/nakladace-locust\/","og_locale":"en_US","og_type":"article","og_title":"LOCUST Loaders - Way Industries","og_description":"LOCUST &nbsp; \u0160mykom riaden\u00fd naklada\u010d LOCUST nepredstavuje na trhu \u017eiadnu nezn\u00e1mu. Jeho mlad\u0161\u00ed brat naklada\u010d UNC 060 bol prv\u00fdm \u0161mykom","og_url":"https:\/\/way.sk\/en\/nakladace-locust\/","og_site_name":"Way Industries","article_modified_time":"2022-10-19T21:50:09+00:00","og_image":[{"url":"https:\/\/way.sk\/wp-content\/uploads\/2022\/06\/Locust-904.png"}],"twitter_card":"summary_large_image","twitter_misc":{"Est. reading time":"2 minutes"},"schema":{"@context":"https:\/\/schema.org","@graph":[{"@type":"WebPage","@id":"https:\/\/way.sk\/en\/nakladace-locust\/","url":"https:\/\/way.sk\/en\/nakladace-locust\/","name":"LOCUST Loaders - Way Industries","isPartOf":{"@id":"https:\/\/way.sk\/#website"},"datePublished":"2022-06-30T15:42:12+00:00","dateModified":"2022-10-19T21:50:09+00:00","breadcrumb":{"@id":"https:\/\/way.sk\/en\/nakladace-locust\/#breadcrumb"},"inLanguage":"en-US","potentialAction":[{"@type":"ReadAction","target":["https:\/\/way.sk\/en\/nakladace-locust\/"]}]},{"@type":"BreadcrumbList","@id":"https:\/\/way.sk\/en\/nakladace-locust\/#breadcrumb","itemListElement":[{"@type":"ListItem","position":1,"name":"Domovsk\u00e1 str\u00e1nka","item":"https:\/\/way.sk\/en\/"},{"@type":"ListItem","position":2,"name":"LOCUST Loaders"}]},{"@type":"WebSite","@id":"https:\/\/way.sk\/#website","url":"https:\/\/way.sk\/","name":"Way Industries","description":"50 YEARS OF EXPERIENCE AND QUALITY","potentialAction":[{"@type":"SearchAction","target":{"@type":"EntryPoint","urlTemplate":"https:\/\/way.sk\/?s={search_term_string}"},"query-input":"required name=search_term_string"}],"inLanguage":"en-US"}]}},"_links":{"self":[{"href":"https:\/\/way.sk\/en\/wp-json\/wp\/v2\/pages\/10554","targetHints":{"allow":["GET"]}}],"collection":[{"href":"https:\/\/way.sk\/en\/wp-json\/wp\/v2\/pages"}],"about":[{"href":"https:\/\/way.sk\/en\/wp-json\/wp\/v2\/types\/page"}],"author":[{"embeddable":true,"href":"https:\/\/way.sk\/en\/wp-json\/wp\/v2\/users\/1"}],"replies":[{"embeddable":true,"href":"https:\/\/way.sk\/en\/wp-json\/wp\/v2\/comments?post=10554"}],"version-history":[{"count":1,"href":"https:\/\/way.sk\/en\/wp-json\/wp\/v2\/pages\/10554\/revisions"}],"predecessor-version":[{"id":10598,"href":"https:\/\/way.sk\/en\/wp-json\/wp\/v2\/pages\/10554\/revisions\/10598"}],"wp:attachment":[{"href":"https:\/\/way.sk\/en\/wp-json\/wp\/v2\/media?parent=10554"}],"curies":[{"name":"wp","href":"https:\/\/api.w.org\/{rel}","templated":true}]}}